{"id":891,"date":"2025-02-06T09:33:06","date_gmt":"2025-02-06T09:33:06","guid":{"rendered":"https:\/\/mabillard-fuchs.ch\/?page_id=891"},"modified":"2025-03-12T08:38:44","modified_gmt":"2025-03-12T08:38:44","slug":"commandes","status":"publish","type":"page","link":"https:\/\/mabillard-fuchs.ch\/?page_id=891&lang=fr","title":{"rendered":"Commandes"},"content":{"rendered":"\t\t<div class=\"wrap container\" role=\"document\">\n\t\t\t<div class=\"content\">\n\t\t\t\t<main class=\"main\">\n\t\t\t\t\t<article>\n\t\t\t\t\t\t\t\t<header>\n\t\t\t<h5 class=\"entry-title text-uppercase\">Formulaire de commande<\/h5>\n\t\t\t<h3 class=\"entry-title\">Faites votre choix<\/h3>\n\t\t<\/header>\n\t\t\t\t\t\t\t\t<form id=\"commandes_form\" name=\"commandes_form\" class=\"needs-validation\" method=\"post\" novalidate\n\t\t\t\t\t\t\taction=\"https:\/\/mabillard-fuchs.ch\/wp-admin\/admin-post.php\">\n\t\t\t\t\t\t\t\t\t\t<div class=\"form-group form-group-categories border-bottom\">\n\t\t\t\t<h5 class=\"entry-title form-row pl-3 mt-5\">Vins blancs \/ Weisse Weine<\/h5>\n\t\t\t\t\t\t\t\t\t\t\t\t\t\t\t\t\t<div class=\"form-group-product form-row border-top ps-3 align-items-center \">\n\t\t\t<div class=\"col ps-0 mb-0 d-flex align-items-baseline\">\n\t\t\t\t<h3 class=\"mb-0 mr-3\">Fendant de Venth\u00f4ne<\/h3>\n\t\t\t\t\t\t\t<\/div>\n\n\t\t\t\t\t\t\t\t\t\t\t\t\t\t<label class=\"col-md-2 ps-0 mb-0 ml-3 mr-1 text-right\"\n\t\t\tfor=\"product-910-format-50cl\">\n\t\t\t50cl (Fr. 10.00)\n\t\t<\/label>\n\t\t<input type=\"number\" class=\"col-md-1 form-control my-2 js-product-prix \" data-prix=\"10.00\"\n\t\t\tid=\"product-910-format-50cl\"\n\t\t\tname=\"product-910-format-50cl\"\n\t\t\tmin=\"0\" placeholder=\"0\">\n\t\t\t\t\t\t\t\t\t\t\t\t\t<label class=\"col-md-2 ps-0 mb-0 ml-3 mr-1 text-right\"\n\t\t\tfor=\"product-910-format-75cl\">\n\t\t\t75cl (Fr. 14.00)\n\t\t<\/label>\n\t\t<input type=\"number\" class=\"col-md-1 form-control my-2 js-product-prix \" data-prix=\"14.00\"\n\t\t\tid=\"product-910-format-75cl\"\n\t\t\tname=\"product-910-format-75cl\"\n\t\t\tmin=\"0\" placeholder=\"0\">\n\t\t\t\t\t\t\t\t\t\t\t<\/div>\n\t\t\t\t\t\t\t\t\t\t\t\t\t\t\t<div class=\"form-group-product form-row border-top ps-3 align-items-center \">\n\t\t\t<div class=\"col ps-0 mb-0 d-flex align-items-baseline\">\n\t\t\t\t<h3 class=\"mb-0 mr-3\">Fendant Les Corles<\/h3>\n\t\t\t\t\t\t\t<\/div>\n\n\t\t\t\t\t\t\t\t\t\t\t\t\t\t<label class=\"col-md-2 ps-0 mb-0 ml-3 mr-1 text-right\"\n\t\t\tfor=\"product-912-format-75cl\">\n\t\t\t75cl (Fr. 14.00)\n\t\t<\/label>\n\t\t<input type=\"number\" class=\"col-md-1 form-control my-2 js-product-prix \" data-prix=\"14.00\"\n\t\t\tid=\"product-912-format-75cl\"\n\t\t\tname=\"product-912-format-75cl\"\n\t\t\tmin=\"0\" placeholder=\"0\">\n\t\t\t\t\t\t\t\t\t\t\t<\/div>\n\t\t\t\t\t\t\t\t\t\t\t\t\t\t\t<div class=\"form-group-product form-row border-top ps-3 align-items-center \">\n\t\t\t<div class=\"col ps-0 mb-0 d-flex align-items-baseline\">\n\t\t\t\t<h3 class=\"mb-0 mr-3\">Saveurs blanches<\/h3>\n\t\t\t\t\t\t\t\t\t<p class=\"mb-0\">Pinot gris, Chardonnay<\/p>\n\t\t\t\t\t\t\t<\/div>\n\n\t\t\t\t\t\t\t\t\t\t\t\t\t\t<label class=\"col-md-2 ps-0 mb-0 ml-3 mr-1 text-right\"\n\t\t\tfor=\"product-914-format-75cl\">\n\t\t\t75cl (Fr. 19.00)\n\t\t<\/label>\n\t\t<input type=\"number\" class=\"col-md-1 form-control my-2 js-product-prix \" data-prix=\"19.00\"\n\t\t\tid=\"product-914-format-75cl\"\n\t\t\tname=\"product-914-format-75cl\"\n\t\t\tmin=\"0\" placeholder=\"0\">\n\t\t\t\t\t\t\t\t\t\t\t<\/div>\n\t\t\t\t\t\t\t\t\t\t\t\t\t\t\t<div class=\"form-group-product form-row border-top ps-3 align-items-center \">\n\t\t\t<div class=\"col ps-0 mb-0 d-flex align-items-baseline\">\n\t\t\t\t<h3 class=\"mb-0 mr-3\">Humagne blanc<\/h3>\n\t\t\t\t\t\t\t<\/div>\n\n\t\t\t\t\t\t\t\t\t\t\t\t\t\t<label class=\"col-md-2 ps-0 mb-0 ml-3 mr-1 text-right\"\n\t\t\tfor=\"product-916-format-75cl\">\n\t\t\t75cl (Fr. 20.00)\n\t\t<\/label>\n\t\t<input type=\"number\" class=\"col-md-1 form-control my-2 js-product-prix \" data-prix=\"20.00\"\n\t\t\tid=\"product-916-format-75cl\"\n\t\t\tname=\"product-916-format-75cl\"\n\t\t\tmin=\"0\" placeholder=\"0\">\n\t\t\t\t\t\t\t\t\t\t\t<\/div>\n\t\t\t\t\t\t\t\t\t\t\t\t\t\t\t<div class=\"form-group-product form-row border-top ps-3 align-items-center \">\n\t\t\t<div class=\"col ps-0 mb-0 d-flex align-items-baseline\">\n\t\t\t\t<h3 class=\"mb-0 mr-3\">Pa\u00efen Heida de Venth\u00f4ne<\/h3>\n\t\t\t\t\t\t\t<\/div>\n\n\t\t\t\t\t\t\t\t\t\t\t\t\t\t<label class=\"col-md-2 ps-0 mb-0 ml-3 mr-1 text-right\"\n\t\t\tfor=\"product-918-format-50cl\">\n\t\t\t50cl (Fr. 14.50)\n\t\t<\/label>\n\t\t<input type=\"number\" class=\"col-md-1 form-control my-2 js-product-prix \" data-prix=\"14.50\"\n\t\t\tid=\"product-918-format-50cl\"\n\t\t\tname=\"product-918-format-50cl\"\n\t\t\tmin=\"0\" placeholder=\"0\">\n\t\t\t\t\t\t\t\t\t\t\t\t\t<label class=\"col-md-2 ps-0 mb-0 ml-3 mr-1 text-right\"\n\t\t\tfor=\"product-918-format-75cl\">\n\t\t\t75cl (Fr. 20.00)\n\t\t<\/label>\n\t\t<input type=\"number\" class=\"col-md-1 form-control my-2 js-product-prix \" data-prix=\"20.00\"\n\t\t\tid=\"product-918-format-75cl\"\n\t\t\tname=\"product-918-format-75cl\"\n\t\t\tmin=\"0\" placeholder=\"0\">\n\t\t\t\t\t\t\t\t\t\t\t<\/div>\n\t\t\t\t\t\t\t\t\t\t\t\t\t\t\t<div class=\"form-group-product form-row border-top ps-3 align-items-center \">\n\t\t\t<div class=\"col ps-0 mb-0 d-flex align-items-baseline\">\n\t\t\t\t<h3 class=\"mb-0 mr-3\">Pa\u00efen Heida Zacot<\/h3>\n\t\t\t\t\t\t\t<\/div>\n\n\t\t\t\t\t\t\t\t\t\t\t\t\t\t<label class=\"col-md-2 ps-0 mb-0 ml-3 mr-1 text-right\"\n\t\t\tfor=\"product-920-format-75cl\">\n\t\t\t75cl (Fr. 20.00)\n\t\t<\/label>\n\t\t<input type=\"number\" class=\"col-md-1 form-control my-2 js-product-prix \" data-prix=\"20.00\"\n\t\t\tid=\"product-920-format-75cl\"\n\t\t\tname=\"product-920-format-75cl\"\n\t\t\tmin=\"0\" placeholder=\"0\">\n\t\t\t\t\t\t\t\t\t\t\t<\/div>\n\t\t\t\t\t\t\t\t\t\t\t\t\t\t<\/div>\n\t\t\t\t\t\t<div class=\"form-group form-group-categories border-bottom\">\n\t\t\t\t<h5 class=\"entry-title form-row pl-3 mt-5\">Vin ros\u00e9 \/ Ros\u00e9 Wein<\/h5>\n\t\t\t\t\t\t\t\t\t\t\t\t\t\t\t\t\t<div class=\"form-group-product form-row border-top ps-3 align-items-center \">\n\t\t\t<div class=\"col ps-0 mb-0 d-flex align-items-baseline\">\n\t\t\t\t<h3 class=\"mb-0 mr-3\">D\u00f4le blanche<\/h3>\n\t\t\t\t\t\t\t<\/div>\n\n\t\t\t\t\t\t\t\t\t\t\t\t\t\t<label class=\"col-md-2 ps-0 mb-0 ml-3 mr-1 text-right\"\n\t\t\tfor=\"product-922-format-75cl\">\n\t\t\t75cl (Fr. 15.00)\n\t\t<\/label>\n\t\t<input type=\"number\" class=\"col-md-1 form-control my-2 js-product-prix \" data-prix=\"15.00\"\n\t\t\tid=\"product-922-format-75cl\"\n\t\t\tname=\"product-922-format-75cl\"\n\t\t\tmin=\"0\" placeholder=\"0\">\n\t\t\t\t\t\t\t\t\t\t\t<\/div>\n\t\t\t\t\t\t\t\t\t\t\t\t\t\t<\/div>\n\t\t\t\t\t\t<div class=\"form-group form-group-categories border-bottom\">\n\t\t\t\t<h5 class=\"entry-title form-row pl-3 mt-5\">Vins rouges \/ Rote Weine<\/h5>\n\t\t\t\t\t\t\t\t\t\t\t\t\t\t\t\t\t<div class=\"form-group-product form-row border-top ps-3 align-items-center \">\n\t\t\t<div class=\"col ps-0 mb-0 d-flex align-items-baseline\">\n\t\t\t\t<h3 class=\"mb-0 mr-3\">Gamay de Venth\u00f4ne<\/h3>\n\t\t\t\t\t\t\t<\/div>\n\n\t\t\t\t\t\t\t\t\t\t\t\t\t\t<label class=\"col-md-2 ps-0 mb-0 ml-3 mr-1 text-right\"\n\t\t\tfor=\"product-924-format-50cl\">\n\t\t\t50cl (Fr. 11.50)\n\t\t<\/label>\n\t\t<input type=\"number\" class=\"col-md-1 form-control my-2 js-product-prix \" data-prix=\"11.50\"\n\t\t\tid=\"product-924-format-50cl\"\n\t\t\tname=\"product-924-format-50cl\"\n\t\t\tmin=\"0\" placeholder=\"0\">\n\t\t\t\t\t\t\t\t\t\t\t\t\t<label class=\"col-md-2 ps-0 mb-0 ml-3 mr-1 text-right\"\n\t\t\tfor=\"product-924-format-75cl\">\n\t\t\t75cl (Fr. 16.00)\n\t\t<\/label>\n\t\t<input type=\"number\" class=\"col-md-1 form-control my-2 js-product-prix \" data-prix=\"16.00\"\n\t\t\tid=\"product-924-format-75cl\"\n\t\t\tname=\"product-924-format-75cl\"\n\t\t\tmin=\"0\" placeholder=\"0\">\n\t\t\t\t\t\t\t\t\t\t\t<\/div>\n\t\t\t\t\t\t\t\t\t\t\t\t\t\t\t<div class=\"form-group-product form-row border-top ps-3 align-items-center \">\n\t\t\t<div class=\"col ps-0 mb-0 d-flex align-items-baseline\">\n\t\t\t\t<h3 class=\"mb-0 mr-3\">Pinot noir de Venth\u00f4ne<\/h3>\n\t\t\t\t\t\t\t<\/div>\n\n\t\t\t\t\t\t\t\t\t\t\t\t\t\t<label class=\"col-md-2 ps-0 mb-0 ml-3 mr-1 text-right\"\n\t\t\tfor=\"product-926-format-50cl\">\n\t\t\t50cl (Fr. 12.50)\n\t\t<\/label>\n\t\t<input type=\"number\" class=\"col-md-1 form-control my-2 js-product-prix \" data-prix=\"12.50\"\n\t\t\tid=\"product-926-format-50cl\"\n\t\t\tname=\"product-926-format-50cl\"\n\t\t\tmin=\"0\" placeholder=\"0\">\n\t\t\t\t\t\t\t\t\t\t\t\t\t<label class=\"col-md-2 ps-0 mb-0 ml-3 mr-1 text-right\"\n\t\t\tfor=\"product-926-format-75cl\">\n\t\t\t75cl (Fr. 17.00)\n\t\t<\/label>\n\t\t<input type=\"number\" class=\"col-md-1 form-control my-2 js-product-prix \" data-prix=\"17.00\"\n\t\t\tid=\"product-926-format-75cl\"\n\t\t\tname=\"product-926-format-75cl\"\n\t\t\tmin=\"0\" placeholder=\"0\">\n\t\t\t\t\t\t\t\t\t\t\t<\/div>\n\t\t\t\t\t\t\t\t\t\t\t\t\t\t\t<div class=\"form-group-product form-row border-top ps-3 align-items-center \">\n\t\t\t<div class=\"col ps-0 mb-0 d-flex align-items-baseline\">\n\t\t\t\t<h3 class=\"mb-0 mr-3\">Alizarine<\/h3>\n\t\t\t\t\t\t\t\t\t<p class=\"mb-0\">Pinot noir, Gamaret, Diolinoir<\/p>\n\t\t\t\t\t\t\t<\/div>\n\n\t\t\t\t\t\t\t\t\t\t\t\t\t\t<label class=\"col-md-2 ps-0 mb-0 ml-3 mr-1 text-right\"\n\t\t\tfor=\"product-928-format-50cl\">\n\t\t\t50cl (Fr. 12.50)\n\t\t<\/label>\n\t\t<input type=\"number\" class=\"col-md-1 form-control my-2 js-product-prix \" data-prix=\"12.50\"\n\t\t\tid=\"product-928-format-50cl\"\n\t\t\tname=\"product-928-format-50cl\"\n\t\t\tmin=\"0\" placeholder=\"0\">\n\t\t\t\t\t\t\t\t\t\t\t\t\t<label class=\"col-md-2 ps-0 mb-0 ml-3 mr-1 text-right\"\n\t\t\tfor=\"product-928-format-75cl\">\n\t\t\t75cl (Fr. 17.00)\n\t\t<\/label>\n\t\t<input type=\"number\" class=\"col-md-1 form-control my-2 js-product-prix \" data-prix=\"17.00\"\n\t\t\tid=\"product-928-format-75cl\"\n\t\t\tname=\"product-928-format-75cl\"\n\t\t\tmin=\"0\" placeholder=\"0\">\n\t\t\t\t\t\t\t\t\t\t\t<\/div>\n\t\t\t\t\t\t\t\t\t\t\t\t\t\t\t<div class=\"form-group-product form-row border-top ps-3 align-items-center \">\n\t\t\t<div class=\"col ps-0 mb-0 d-flex align-items-baseline\">\n\t\t\t\t<h3 class=\"mb-0 mr-3\">Pinot noir Les Corles<\/h3>\n\t\t\t\t\t\t\t<\/div>\n\n\t\t\t\t\t\t\t\t\t\t\t\t\t\t<label class=\"col-md-2 ps-0 mb-0 ml-3 mr-1 text-right\"\n\t\t\tfor=\"product-930-format-75cl\">\n\t\t\t75cl (Fr. 23.50)\n\t\t<\/label>\n\t\t<input type=\"number\" class=\"col-md-1 form-control my-2 js-product-prix \" data-prix=\"23.50\"\n\t\t\tid=\"product-930-format-75cl\"\n\t\t\tname=\"product-930-format-75cl\"\n\t\t\tmin=\"0\" placeholder=\"0\">\n\t\t\t\t\t\t\t\t\t\t\t<\/div>\n\t\t\t\t\t\t\t\t\t\t\t\t\t\t\t<div class=\"form-group-product form-row border-top ps-3 align-items-center \">\n\t\t\t<div class=\"col ps-0 mb-0 d-flex align-items-baseline\">\n\t\t\t\t<h3 class=\"mb-0 mr-3\">Pinot noir Somberbondes<\/h3>\n\t\t\t\t\t\t\t<\/div>\n\n\t\t\t\t\t\t\t\t\t\t\t\t\t\t<label class=\"col-md-2 ps-0 mb-0 ml-3 mr-1 text-right\"\n\t\t\tfor=\"product-932-format-75cl\">\n\t\t\t75cl (Fr. 23.50)\n\t\t<\/label>\n\t\t<input type=\"number\" class=\"col-md-1 form-control my-2 js-product-prix \" data-prix=\"23.50\"\n\t\t\tid=\"product-932-format-75cl\"\n\t\t\tname=\"product-932-format-75cl\"\n\t\t\tmin=\"0\" placeholder=\"0\">\n\t\t\t\t\t\t\t\t\t\t\t<\/div>\n\t\t\t\t\t\t\t\t\t\t\t\t\t\t\t<div class=\"form-group-product form-row border-top ps-3 align-items-center \">\n\t\t\t<div class=\"col ps-0 mb-0 d-flex align-items-baseline\">\n\t\t\t\t<h3 class=\"mb-0 mr-3\">Humagne rouge<\/h3>\n\t\t\t\t\t\t\t<\/div>\n\n\t\t\t\t\t\t\t\t\t\t\t\t\t\t<label class=\"col-md-2 ps-0 mb-0 ml-3 mr-1 text-right\"\n\t\t\tfor=\"product-934-format-75cl\">\n\t\t\t75cl (Fr. 22.50)\n\t\t<\/label>\n\t\t<input type=\"number\" class=\"col-md-1 form-control my-2 js-product-prix \" data-prix=\"22.50\"\n\t\t\tid=\"product-934-format-75cl\"\n\t\t\tname=\"product-934-format-75cl\"\n\t\t\tmin=\"0\" placeholder=\"0\">\n\t\t\t\t\t\t\t\t\t\t\t<\/div>\n\t\t\t\t\t\t\t\t\t\t\t\t\t\t\t<div class=\"form-group-product form-row border-top ps-3 align-items-center \">\n\t\t\t<div class=\"col ps-0 mb-0 d-flex align-items-baseline\">\n\t\t\t\t<h3 class=\"mb-0 mr-3\">Saveurs noires<\/h3>\n\t\t\t\t\t\t\t\t\t<p class=\"mb-0\">Syrah, Diolinoir, Pinot noir, Gamaret<\/p>\n\t\t\t\t\t\t\t<\/div>\n\n\t\t\t\t\t\t\t\t\t\t\t\t\t\t<label class=\"col-md-2 ps-0 mb-0 ml-3 mr-1 text-right\"\n\t\t\tfor=\"product-936-format-50cl\">\n\t\t\t50cl (Fr. 18.00)\n\t\t<\/label>\n\t\t<input type=\"number\" class=\"col-md-1 form-control my-2 js-product-prix \" data-prix=\"18.00\"\n\t\t\tid=\"product-936-format-50cl\"\n\t\t\tname=\"product-936-format-50cl\"\n\t\t\tmin=\"0\" placeholder=\"0\">\n\t\t\t\t\t\t\t\t\t\t\t\t\t<label class=\"col-md-2 ps-0 mb-0 ml-3 mr-1 text-right\"\n\t\t\tfor=\"product-936-format-75cl\">\n\t\t\t75cl (Fr. 24.50)\n\t\t<\/label>\n\t\t<input type=\"number\" class=\"col-md-1 form-control my-2 js-product-prix \" data-prix=\"24.50\"\n\t\t\tid=\"product-936-format-75cl\"\n\t\t\tname=\"product-936-format-75cl\"\n\t\t\tmin=\"0\" placeholder=\"0\">\n\t\t\t\t\t\t\t\t\t\t\t<\/div>\n\t\t\t\t\t\t\t\t\t\t\t\t\t\t\t<div class=\"form-group-product form-row border-top ps-3 align-items-center \">\n\t\t\t<div class=\"col ps-0 mb-0 d-flex align-items-baseline\">\n\t\t\t\t<h3 class=\"mb-0 mr-3\">Cornalin<\/h3>\n\t\t\t\t\t\t\t<\/div>\n\n\t\t\t\t\t\t\t\t\t\t\t\t\t\t<label class=\"col-md-2 ps-0 mb-0 ml-3 mr-1 text-right\"\n\t\t\tfor=\"product-938-format-75cl\">\n\t\t\t75cl (Fr. 29.00)\n\t\t<\/label>\n\t\t<input type=\"number\" class=\"col-md-1 form-control my-2 js-product-prix \" data-prix=\"29.00\"\n\t\t\tid=\"product-938-format-75cl\"\n\t\t\tname=\"product-938-format-75cl\"\n\t\t\tmin=\"0\" placeholder=\"0\">\n\t\t\t\t\t\t\t\t\t\t\t<\/div>\n\t\t\t\t\t\t\t\t\t\t\t\t\t\t\t<div class=\"form-group-product form-row border-top ps-3 align-items-center \">\n\t\t\t<div class=\"col ps-0 mb-0 d-flex align-items-baseline\">\n\t\t\t\t<h3 class=\"mb-0 mr-3\">Syrah<\/h3>\n\t\t\t\t\t\t\t<\/div>\n\n\t\t\t\t\t\t\t\t\t\t\t\t\t\t<label class=\"col-md-2 ps-0 mb-0 ml-3 mr-1 text-right\"\n\t\t\tfor=\"product-890-format-75cl\">\n\t\t\t75cl (Fr. 27.00)\n\t\t<\/label>\n\t\t<input type=\"number\" class=\"col-md-1 form-control my-2 js-product-prix \" data-prix=\"27.00\"\n\t\t\tid=\"product-890-format-75cl\"\n\t\t\tname=\"product-890-format-75cl\"\n\t\t\tmin=\"0\" placeholder=\"0\">\n\t\t\t\t\t\t\t\t\t\t\t<\/div>\n\t\t\t\t\t\t\t\t\t\t\t\t\t\t<\/div>\n\t\t\t\t\t\t\t\t\t\t\t\t<h5 class=\"entry-title form-row pl-3 mt-5 justify-content-center text-center text-uppercase\">\n\t\t\tTotal des articles\t\t<\/h5>\n\t\t<h3 id=\"nbbouteilles\" class=\"entry-title form-row justify-content-center text-center\">0<\/h3>\n\t\t<input type=\"hidden\" id=\"nbbouteillesinfo\" name=\"nbNouteilles\" value=\"0\">\n\t\t<h5 class=\"entry-title form-row pl-3 mt-5 justify-content-center text-center text-uppercase\">\n\t\t\tPrix indicatif total, TVA incluse\t\t<\/h5>\n\t\t<h3 id=\"prixtotal\" class=\"entry-title form-row justify-content-center text-center\">Fr. 0<\/h3>\n\t\t<input type=\"hidden\" id=\"prixtotalinfo\" name=\"prixTotal\" value=\"Fr. 0\">\n\n\t\t<h5 class=\"entry-title form-row pl-3 mt-5 justify-content-center text-center text-uppercase\">\n\t\t\tTous nos vins sont AOC Valais\t\t<\/h5>\n\t\t<h5 class=\"entry-title form-row pl-3 mt-5 justify-content-center text-center text-uppercase\">\n\t\t\tLivraisons & emballage\t\t<\/h5>\n\n\t\t<p class=\"text-center\">\n\t\t\tLes commandes en cartons complets de 6 sont encourag\u00e9es (y compris en panachage de bouteilles)\t\t<\/p>\n\t\t<div class=\"row justify-content-center\">\n\t\t\t<div class=\"col-md-3\">\n\t\t\t\t<ul class=\"list-unstyled\">\n\t\t\t\t\t\t\t\t\t\t\t\t\t\t\t\t\t<li class=\"d-flex justify-content-between align-items-center mb-2\">\n\t\t\t\t\t\t\t<span class=\"text-larger \">6 bouteilles:<\/span>\n\t\t\t\t\t\t\t<span class=\"text-larger font-weight-bold\">11 CHF<\/span>\n\t\t\t\t\t\t<\/li>\n\t\t\t\t\t\t\t\t\t\t\t\t\t\t\t\t\t<li class=\"d-flex justify-content-between align-items-center mb-2\">\n\t\t\t\t\t\t\t<span class=\"text-larger \">12 bouteilles:<\/span>\n\t\t\t\t\t\t\t<span class=\"text-larger font-weight-bold\">22 CHF<\/span>\n\t\t\t\t\t\t<\/li>\n\t\t\t\t\t\t\t\t\t\t\t\t\t\t\t\t\t<li class=\"d-flex justify-content-between align-items-center mb-2\">\n\t\t\t\t\t\t\t<span class=\"text-larger \">18 bouteilles:<\/span>\n\t\t\t\t\t\t\t<span class=\"text-larger font-weight-bold\">33 CHF<\/span>\n\t\t\t\t\t\t<\/li>\n\t\t\t\t\t\t\t\t\t\t\t\t\t\t\t\t\t<li class=\"d-flex justify-content-between align-items-center mb-2\">\n\t\t\t\t\t\t\t<span class=\"text-larger \">24 bouteilles:<\/span>\n\t\t\t\t\t\t\t<span class=\"text-larger font-weight-bold\">44 CHF<\/span>\n\t\t\t\t\t\t<\/li>\n\t\t\t\t\t\t\t\t\t\t\t\t\t\t\t\t\t<li class=\"d-flex justify-content-between align-items-center mb-2\">\n\t\t\t\t\t\t\t<span class=\"text-larger \">30 bouteilles:<\/span>\n\t\t\t\t\t\t\t<span class=\"text-larger font-weight-bold\">50 CHF<\/span>\n\t\t\t\t\t\t<\/li>\n\t\t\t\t\t\t\t\t\t\t\t\t\t\t\t\t\t<li class=\"d-flex justify-content-between align-items-center mb-2\">\n\t\t\t\t\t\t\t<span class=\"text-larger \">36+ bouteilles:<\/span>\n\t\t\t\t\t\t\t<span class=\"text-larger font-weight-bold\">Gratuit<\/span>\n\t\t\t\t\t\t<\/li>\n\t\t\t\t\t\t\t\t\t<\/ul>\n\t\t\t<\/div>\n\t\t<\/div>\n\t\t<hr \/>\n\t\t<h5 class=\"entry-title form-row justify-content-center text-center text-uppercase\">\n\t\t\tFinalisez votre commande\t\t<\/h5>\n\t\t<h3 class=\"entry-title form-row pl-3 my-5 justify-content-center text-center\">\n\t\t\tVeuillez remplir les champs ci-dessous afin que nous puissions vous envoyer votre commande et votre facture. Pour les nouveaux clients, nous vous enverrons votre colis d\u00e8s r\u00e9ception du paiement\t\t<\/h3>\n\t\t\t\t\t\t\t\t\t<div class=\"form-group\"><input class=\"form-control\"\n\t\t\t\t\t\t\t id=\"InputPrenom\"\n\t\t\t\t\t\t\t type=\"text\"\n\t\t\t\t\t\t\t name=\"prenom\"\n\t\t\t\t\t\t\t placeholder=\"Pr\u00e9nom*\" required><div class=\"invalid-feedback\">Le pr\u00e9nom est requis.<\/div><\/div><div class=\"form-group\"><input class=\"form-control\"\n\t\t\t\t\t\t\t id=\"InputNom\"\n\t\t\t\t\t\t\t type=\"text\"\n\t\t\t\t\t\t\t name=\"nom\"\n\t\t\t\t\t\t\t placeholder=\"Nom*\" required><div class=\"invalid-feedback\">Le nom est requis.<\/div><\/div><div class=\"form-group\"><input class=\"form-control\"\n\t\t\t\t\t\t\t id=\"InputAdresse\"\n\t\t\t\t\t\t\t type=\"text\"\n\t\t\t\t\t\t\t name=\"adresse\"\n\t\t\t\t\t\t\t placeholder=\"Adresse*\" required><div class=\"invalid-feedback\">L&#039;adresse est requise.<\/div><\/div><div class=\"form-group\"><input class=\"form-control\"\n\t\t\t\t\t\t\t id=\"InputNPA\"\n\t\t\t\t\t\t\t type=\"text\"\n\t\t\t\t\t\t\t name=\"npa\"\n\t\t\t\t\t\t\t placeholder=\"NPA, Localit\u00e9*\" required><div class=\"invalid-feedback\">Le code postal et la localit\u00e9 sont requis.<\/div><\/div><div class=\"form-group\"><input class=\"form-control\"\n\t\t\t\t\t\t\t id=\"InputEmail\"\n\t\t\t\t\t\t\t type=\"email\"\n\t\t\t\t\t\t\t name=\"email\"\n\t\t\t\t\t\t\t placeholder=\"E-mail*\" required><div class=\"invalid-feedback\">Une adresse e-mail valide est requise.<\/div><\/div><div class=\"form-group\"><input class=\"form-control\"\n\t\t\t\t\t\t\t id=\"InputTel\"\n\t\t\t\t\t\t\t type=\"text\"\n\t\t\t\t\t\t\t name=\"telephone\"\n\t\t\t\t\t\t\t placeholder=\"+41 77 777 77 77*\" required><div class=\"invalid-feedback\">Un num\u00e9ro de t\u00e9l\u00e9phone valide est requis.<\/div><\/div><div class=\"form-group\"><textarea class=\"form-control\"\n\t\t\t\t\t\t\t  id=\"InputRemarques\"\n\t\t\t\t\t\t\t  rows=\"3\"\n\t\t\t\t\t\t\t  name=\"remarques\"\n\t\t\t\t\t\t\t  placeholder=\"Remarques\"><\/textarea><div class=\"invalid-feedback\"><\/div><\/div>\t\t\t\t\t\t\t\n\t\t<div class=\"form-group\">\n\t\t\t<div class=\"form-check\">\n\t\t\t\t<div class=\"cbx\">\n\t\t\t\t\t<input class=\"form-check-input\" type=\"radio\"\n\t\t\t\t\t\tvalue=\"Prise de la commande sur rendez-vous\" id=\"retrait1\"\n\t\t\t\t\t\tname=\"radio-commande\" required>\n\t\t\t\t\t<label class=\"form-check-label\" for=\"retrait1\"><\/label>\n\t\t\t\t\t<svg width=\"15\" height=\"14\" viewBox=\"0 0 15 14\" fill=\"none\">\n\t\t\t\t\t\t<path d=\"M2 8.36364L6.23077 12L13 2\"><\/path>\n\t\t\t\t\t<\/svg>\n\t\t\t\t\t<div class=\"labelInfo\">Prise de la commande sur rendez-vous<\/div>\n\t\t\t\t\t<svg xmlns=\"http:\/\/www.w3.org\/2000\/svg\" version=\"1.1\">\n\t\t\t\t\t\t<defs>\n\t\t\t\t\t\t\t<filter id=\"goo\">\n\t\t\t\t\t\t\t\t<feGaussianBlur in=\"SourceGraphic\" stdDeviation=\"4\" result=\"blur\">\n\t\t\t\t\t\t\t\t<\/feGaussianBlur>\n\t\t\t\t\t\t\t\t<feColorMatrix in=\"blur\" mode=\"matrix\" values=\"1 0 0 0 0  0 1 0 0 0  0 0 1 0 0  0 0 0 22 -7\"\n\t\t\t\t\t\t\t\t\tresult=\"goo\">\n\t\t\t\t\t\t\t\t<\/feColorMatrix>\n\t\t\t\t\t\t\t\t<feBlend in=\"SourceGraphic\" in2=\"goo\"><\/feBlend>\n\t\t\t\t\t\t\t<\/filter>\n\t\t\t\t\t\t<\/defs>\n\t\t\t\t\t<\/svg>\n\t\t\t\t<\/div>\n\t\t\t<\/div>\n\t\t<\/div>\n\t\t<div class=\"form-group\">\n\t\t\t<div class=\"form-check\">\n\t\t\t\t<div class=\"cbx\">\n\t\t\t\t\t<input class=\"form-check-input\" type=\"radio\" value=\"Commande \u00e0 livrer\"\n\t\t\t\t\t\tid=\"retrait2\" name=\"radio-commande\">\n\t\t\t\t\t<label class=\"form-check-label\" for=\"retrait2\"><\/label>\n\t\t\t\t\t<svg width=\"15\" height=\"14\" viewBox=\"0 0 15 14\" fill=\"none\">\n\t\t\t\t\t\t<path d=\"M2 8.36364L6.23077 12L13 2\"><\/path>\n\t\t\t\t\t<\/svg>\n\t\t\t\t\t<div class=\"labelInfo\">Commande \u00e0 livrer<\/div>\n\t\t\t\t\t<svg xmlns=\"http:\/\/www.w3.org\/2000\/svg\" version=\"1.1\">\n\t\t\t\t\t\t<defs>\n\t\t\t\t\t\t\t<filter id=\"goo\">\n\t\t\t\t\t\t\t\t<feGaussianBlur in=\"SourceGraphic\" stdDeviation=\"4\" result=\"blur\">\n\t\t\t\t\t\t\t\t<\/feGaussianBlur>\n\t\t\t\t\t\t\t\t<feColorMatrix in=\"blur\" mode=\"matrix\" values=\"1 0 0 0 0  0 1 0 0 0  0 0 1 0 0  0 0 0 22 -7\"\n\t\t\t\t\t\t\t\t\tresult=\"goo\">\n\t\t\t\t\t\t\t\t<\/feColorMatrix>\n\t\t\t\t\t\t\t\t<feBlend in=\"SourceGraphic\" in2=\"goo\"><\/feBlend>\n\t\t\t\t\t\t\t<\/filter>\n\t\t\t\t\t\t<\/defs>\n\t\t\t\t\t<\/svg>\n\t\t\t\t<\/div>\n\t\t\t<\/div>\n\t\t<\/div>\n\t\t<div class=\"form-group\">\n\t\t\t<div class=\"form-check\">\n\t\t\t\t<div class=\"cbx\">\n\t\t\t\t\t<input class=\"form-check-input\" type=\"checkbox\" value=\"\" id=\"checkceptation\" name=\"checkbox-legal\" required>\n\t\t\t\t\t<label class=\"form-check-label\" for=\"checkceptation\"><\/label>\n\t\t\t\t\t<svg width=\"15\" height=\"14\" viewBox=\"0 0 15 14\" fill=\"none\">\n\t\t\t\t\t\t<path d=\"M2 8.36364L6.23077 12L13 2\"><\/path>\n\t\t\t\t\t<\/svg>\n\t\t\t\t\t<div class=\"labelInfo\">\n\t\t\t\t\t\tJe certifie avoir l'\u00e2ge l\u00e9gal pour l'achat d'alcool (16 ans)\t\t\t\t\t<\/div>\n\t\t\t\t\t<div class=\"invalid-feedback checkbox-error-msg\">\n\t\t\t\t\t\tVous devez certifier avoir l'\u00e2ge l\u00e9gal pour l'achat d'alcool en cochant cette case.\t\t\t\t\t<\/div>\n\t\t\t\t<\/div>\n\t\t\t<\/div>\n\t\t<\/div>\n\t\t<div class=\"form-group\">\n\t\t\t<div class=\"form-check\">\n\t\t\t\t<div class=\"cbx\">\n\t\t\t\t\t<input class=\"form-check-input\" type=\"checkbox\" value=\"\" id=\"acceptation\" name=\"checkbox-general-conditions\"\n\t\t\t\t\t\trequired>\n\t\t\t\t\t<label class=\"form-check-label\" for=\"acceptation\"><\/label>\n\t\t\t\t\t<svg width=\"15\" height=\"14\" viewBox=\"0 0 15 14\" fill=\"none\">\n\t\t\t\t\t\t<path d=\"M2 8.36364L6.23077 12L13 2\"><\/path>\n\t\t\t\t\t<\/svg>\n\t\t\t\t\t<div class=\"labelInfo\">En cochant cette case, vous acceptez nos\t\t\t\t\t\t<a href=\"https:\/\/mabillard-fuchs.ch\/?page_id=1035&#038;lang=fr\" style=\"color: #A1A1AA; text-decoration: underline;\" target=\"_blank\">\n\t\t\t\t\t\t\tconditions g\u00e9n\u00e9rales\t\t\t\t\t\t<\/a>\n\t\t\t\t\t<\/div>\n\t\t\t\t\t<div class=\"invalid-feedback checkbox-error-msg\">\n\t\t\t\t\t\tVeuillez accepter les conditions g\u00e9n\u00e9rales.\t\t\t\t\t<\/div>\n\t\t\t\t<\/div>\n\t\t\t<\/div>\n\t\t<\/div>\n\n\t\t<div class=\"form-group justify-content-center text-center\">\n\t\t\t<div class=\"d-none\" id=\"messageReturn\">\n\t\t\t\tVeuillez s\u00e9lectionner au moins un produit\t\t\t<\/div>\n\t\t<\/div>\n\t\t<div class=\"form-group justify-content-center text-center\">\n\t\t\t<button type=\"submit\" id=\"submit\" class=\"btn text-uppercase g-recaptcha font-weight-bold\"\n\t\t\t\tdata-sitekey=\"6LfMrfMqAAAAANPAak14DVoSEYcAcohjI6VeGwV6\" data-callback='onSubmit'\n\t\t\t\tdata-action='submit'>Confirmer la commande<\/button>\n\t\t<\/div>\n\t\t\t\t\t\t\t\t\t<input type=\"hidden\" name=\"action\" value=\"form_order_wine_reponse\">\n\t\t\t\t\t\t\t<input type=\"hidden\" id=\"form_order_wine_nonce\" name=\"form_order_wine_nonce\" value=\"6c655225b8\" \/><input type=\"hidden\" name=\"_wp_http_referer\" value=\"\/index.php?rest_route=%2Fwp%2Fv2%2Fpages%2F891\" \/>\t\t\t\t\t\t<\/form>\n\t\t\t\t\t\t\t\t<div id=\"ModalValidate\" class=\"modal fade\" tabindex=\"-1\" role=\"dialog\" aria-modal=\"true\"  data-backdrop=\"false\">\n\t\t\t<div class=\"modal-dialog modal-dialog-centered\">\n\t\t\t\t<div class=\"modal-content\" id=\"modalContent\">\n\t\t\t\t\t<div class=\"modal-body text-white\">\n\t\t\t\t\t\t<img id=\"checkCircleSvg\"\n\t\t\t\t\t\t\tsrc=\"https:\/\/mabillard-fuchs.ch\/wp-content\/plugins\/formulaire-commande-vin\/src\/img\/circle-check-big.svg\"\n\t\t\t\t\t\t\talt=\"Success\">\n\t\t\t\t\t\t<h1 id=\"modalConfirmationTitle\">Commande re\u00e7ue!<\/h1>\n\t\t\t\t\t\t<p id=\"modalConfirmationDescription\" class=\"text-wrap\">\n\t\t\t\t\t\t\tMerci pour votre achat.<br\/>  Un e-mail de confirmation vous sera envoy\u00e9 sous peu.\t\t\t\t\t\t<\/p>\n\t\t\t\t\t<\/div>\n\t\t\t\t\t<div class=\"modal-footer align-self-center pt-0\" id=\"modalFooter\">\n\t\t\t\t\t\t<button id=\"goHome\" type=\"button\"\n\t\t\t\t\t\t\tclass=\"btn\">Retour \u00e0 l'accueil<\/button>\n\t\t\t\t\t<\/div>\n\t\t\t\t<\/div>\n\t\t\t<\/div>\n\t\t<\/div>\n\n\t\t\t\t\t\t\t<\/article>\n\t\t\t\t<\/main>\n\t\t\t<\/div>\n\t\t<\/div>\n\t\t\n","protected":false},"excerpt":{"rendered":"","protected":false},"author":5,"featured_media":0,"parent":0,"menu_order":0,"comment_status":"closed","ping_status":"closed","template":"","meta":{"_acf_changed":false,"footnotes":""},"class_list":["post-891","page","type-page","status-publish","hentry"],"acf":[],"_links":{"self":[{"href":"https:\/\/mabillard-fuchs.ch\/index.php?rest_route=\/wp\/v2\/pages\/891","targetHints":{"allow":["GET"]}}],"collection":[{"href":"https:\/\/mabillard-fuchs.ch\/index.php?rest_route=\/wp\/v2\/pages"}],"about":[{"href":"https:\/\/mabillard-fuchs.ch\/index.php?rest_route=\/wp\/v2\/types\/page"}],"author":[{"embeddable":true,"href":"https:\/\/mabillard-fuchs.ch\/index.php?rest_route=\/wp\/v2\/users\/5"}],"replies":[{"embeddable":true,"href":"https:\/\/mabillard-fuchs.ch\/index.php?rest_route=%2Fwp%2Fv2%2Fcomments&post=891"}],"version-history":[{"count":8,"href":"https:\/\/mabillard-fuchs.ch\/index.php?rest_route=\/wp\/v2\/pages\/891\/revisions"}],"predecessor-version":[{"id":1079,"href":"https:\/\/mabillard-fuchs.ch\/index.php?rest_route=\/wp\/v2\/pages\/891\/revisions\/1079"}],"wp:attachment":[{"href":"https:\/\/mabillard-fuchs.ch\/index.php?rest_route=%2Fwp%2Fv2%2Fmedia&parent=891"}],"curies":[{"name":"wp","href":"https:\/\/api.w.org\/{rel}","templated":true}]}}